{"id":1573,"date":"2024-04-15T09:51:13","date_gmt":"2024-04-15T09:51:13","guid":{"rendered":"https:\/\/pkict.pl\/?page_id=1573"},"modified":"2024-04-15T10:39:11","modified_gmt":"2024-04-15T10:39:11","slug":"sieci-lan","status":"publish","type":"page","link":"https:\/\/pkict.pl\/index.php\/sieci-lan\/","title":{"rendered":"Sieci LAN"},"content":{"rendered":"\t\t<div data-elementor-type=\"wp-page\" data-elementor-id=\"1573\" class=\"elementor elementor-1573\">\n\t\t\t\t\t\t<section class=\"elementor-section elementor-top-section elementor-element elementor-element-2b2c8de elementor-section-full_width elementor-section-height-min-height elementor-section-height-default elementor-section-items-middle\" data-id=\"2b2c8de\" data-element_type=\"section\" data-settings=\"{&quot;background_background&quot;:&quot;classic&quot;}\" data-e-bg-lazyload=\"\">\n\t\t\t\t\t\t\t<div class=\"elementor-background-overlay\"><\/div>\n\t\t\t\t\t\t\t<div class=\"elementor-container elementor-column-gap-no\">\n\t\t\t\t\t<div class=\"elementor-column elementor-col-100 elementor-top-column elementor-element elementor-element-9a8c590\" data-id=\"9a8c590\" data-element_type=\"column\">\n\t\t\t<div class=\"elementor-widget-wrap elementor-element-populated\">\n\t\t\t\t\t\t<section class=\"elementor-section elementor-inner-section elementor-element elementor-element-ecc0e75 elementor-section-boxed elementor-section-height-default elementor-section-height-default\" data-id=\"ecc0e75\" data-element_type=\"section\">\n\t\t\t\t\t\t<div class=\"elementor-container elementor-column-gap-default\">\n\t\t\t\t\t<div class=\"elementor-column elementor-col-100 elementor-inner-column elementor-element elementor-element-165aba3\" data-id=\"165aba3\" data-element_type=\"column\">\n\t\t\t<div class=\"elementor-widget-wrap elementor-element-populated\">\n\t\t\t\t\t\t<div class=\"elementor-element elementor-element-01ca43c elementor-widget elementor-widget-heading\" data-id=\"01ca43c\" data-element_type=\"widget\" data-widget_type=\"heading.default\">\n\t\t\t\t<div class=\"elementor-widget-container\">\n\t\t\t<style>\/*! elementor - v3.20.0 - 10-04-2024 *\/\n.elementor-heading-title{padding:0;margin:0;line-height:1}.elementor-widget-heading .elementor-heading-title[class*=elementor-size-]>a{color:inherit;font-size:inherit;line-height:inherit}.elementor-widget-heading .elementor-heading-title.elementor-size-small{font-size:15px}.elementor-widget-heading .elementor-heading-title.elementor-size-medium{font-size:19px}.elementor-widget-heading .elementor-heading-title.elementor-size-large{font-size:29px}.elementor-widget-heading .elementor-heading-title.elementor-size-xl{font-size:39px}.elementor-widget-heading .elementor-heading-title.elementor-size-xxl{font-size:59px}<\/style><h2 class=\"elementor-heading-title elementor-size-default\">SIECI LAN<\/h2>\t\t<\/div>\n\t\t\t\t<\/div>\n\t\t\t\t\t<\/div>\n\t\t<\/div>\n\t\t\t\t\t<\/div>\n\t\t<\/section>\n\t\t\t\t\t<\/div>\n\t\t<\/div>\n\t\t\t\t\t<\/div>\n\t\t<\/section>\n\t\t<div class=\"elementor-element elementor-element-72568dc e-flex e-con-boxed e-con e-parent\" data-id=\"72568dc\" data-element_type=\"container\" data-core-v316-plus=\"true\">\n\t\t\t\t\t<div class=\"e-con-inner\">\n\t\t\t\t<div class=\"elementor-element elementor-element-3f46513 elementor-widget elementor-widget-spacer\" data-id=\"3f46513\" data-element_type=\"widget\" data-widget_type=\"spacer.default\">\n\t\t\t\t<div class=\"elementor-widget-container\">\n\t\t\t<style>\/*! elementor - v3.20.0 - 10-04-2024 *\/\n.elementor-column .elementor-spacer-inner{height:var(--spacer-size)}.e-con{--container-widget-width:100%}.e-con-inner>.elementor-widget-spacer,.e-con>.elementor-widget-spacer{width:var(--container-widget-width,var(--spacer-size));--align-self:var(--container-widget-align-self,initial);--flex-shrink:0}.e-con-inner>.elementor-widget-spacer>.elementor-widget-container,.e-con>.elementor-widget-spacer>.elementor-widget-container{height:100%;width:100%}.e-con-inner>.elementor-widget-spacer>.elementor-widget-container>.elementor-spacer,.e-con>.elementor-widget-spacer>.elementor-widget-container>.elementor-spacer{height:100%}.e-con-inner>.elementor-widget-spacer>.elementor-widget-container>.elementor-spacer>.elementor-spacer-inner,.e-con>.elementor-widget-spacer>.elementor-widget-container>.elementor-spacer>.elementor-spacer-inner{height:var(--container-widget-height,var(--spacer-size))}.e-con-inner>.elementor-widget-spacer.elementor-widget-empty,.e-con>.elementor-widget-spacer.elementor-widget-empty{position:relative;min-height:22px;min-width:22px}.e-con-inner>.elementor-widget-spacer.elementor-widget-empty .elementor-widget-empty-icon,.e-con>.elementor-widget-spacer.elementor-widget-empty .elementor-widget-empty-icon{position:absolute;top:0;bottom:0;left:0;right:0;margin:auto;padding:0;width:22px;height:22px}<\/style>\t\t<div class=\"elementor-spacer\">\n\t\t\t<div class=\"elementor-spacer-inner\"><\/div>\n\t\t<\/div>\n\t\t\t\t<\/div>\n\t\t\t\t<\/div>\n\t\t\t\t\t<\/div>\n\t\t\t\t<\/div>\n\t\t<div class=\"elementor-element elementor-element-f174711 e-flex e-con-boxed e-con e-parent\" data-id=\"f174711\" data-element_type=\"container\" data-core-v316-plus=\"true\">\n\t\t\t\t\t<div class=\"e-con-inner\">\n\t\t\t\t<div class=\"elementor-element elementor-element-5b0b5b6 elementor-widget elementor-widget-heading\" data-id=\"5b0b5b6\" data-element_type=\"widget\" data-widget_type=\"heading.default\">\n\t\t\t\t<div class=\"elementor-widget-container\">\n\t\t\t<h2 class=\"elementor-heading-title elementor-size-default\">Budowa Sieci LAN: Bezpieczne i Wydajne Po\u0142\u0105czenia Certyfikowanymi Rozwi\u0105zaniami Miedzianymi i \u015awiat\u0142owodowymi<\/h2>\t\t<\/div>\n\t\t\t\t<\/div>\n\t\t\t\t\t<\/div>\n\t\t\t\t<\/div>\n\t\t<div class=\"elementor-element elementor-element-db5c56b e-flex e-con-boxed e-con e-parent\" data-id=\"db5c56b\" data-element_type=\"container\" data-core-v316-plus=\"true\">\n\t\t\t\t\t<div class=\"e-con-inner\">\n\t\t<div class=\"elementor-element elementor-element-b257d9d e-con-full e-flex e-con e-child\" data-id=\"b257d9d\" data-element_type=\"container\">\n\t\t\t\t<div class=\"elementor-element elementor-element-bc8fa6b elementor-widget elementor-widget-text-editor\" data-id=\"bc8fa6b\" data-element_type=\"widget\" data-widget_type=\"text-editor.default\">\n\t\t\t\t<div class=\"elementor-widget-container\">\n\t\t\t<style>\/*! elementor - v3.20.0 - 10-04-2024 *\/\n.elementor-widget-text-editor.elementor-drop-cap-view-stacked .elementor-drop-cap{background-color:#69727d;color:#fff}.elementor-widget-text-editor.elementor-drop-cap-view-framed .elementor-drop-cap{color:#69727d;border:3px solid;background-color:transparent}.elementor-widget-text-editor:not(.elementor-drop-cap-view-default) .elementor-drop-cap{margin-top:8px}.elementor-widget-text-editor:not(.elementor-drop-cap-view-default) .elementor-drop-cap-letter{width:1em;height:1em}.elementor-widget-text-editor .elementor-drop-cap{float:left;text-align:center;line-height:1;font-size:50px}.elementor-widget-text-editor .elementor-drop-cap-letter{display:inline-block}<\/style>\t\t\t\t<p>Pkict oferuje kompleksowe us\u0142ugi budowy sieci LAN, umo\u017cliwiaj\u0105ce sprawn\u0105 komunikacj\u0119 i wymian\u0119 danych w Twojej firmie. Nasze rozwi\u0105zania obejmuj\u0105 certyfikowane miedziane i \u015bwiat\u0142owodowe po\u0142\u0105czenia, zapewniaj\u0105c niezawodno\u015b\u0107, bezpiecze\u0144stwo i wysok\u0105 wydajno\u015b\u0107 sieci.<\/p>\n<p><strong>G\u0142\u00f3wne Korzy\u015bci Korzystania z Naszych Us\u0142ug Budowy Sieci LAN:<\/strong><\/p>\n<ol>\n<li>\n<p><strong>Bezpiecze\u0144stwo i Odporno\u015b\u0107 na Zak\u0142\u00f3cenia:<\/strong> Nasze certyfikowane miedziane i \u015bwiat\u0142owodowe rozwi\u0105zania zapewniaj\u0105 wysok\u0105 odporno\u015b\u0107 na zak\u0142\u00f3cenia elektromagnetyczne i interferencje, co gwarantuje stabilno\u015b\u0107 i niezawodno\u015b\u0107 sieci.<\/p>\n<\/li>\n<li>\n<p><strong>Wysoka Przepustowo\u015b\u0107 i Wydajno\u015b\u0107:<\/strong> Dzi\u0119ki zastosowaniu zaawansowanych technologii, nasze sieci LAN umo\u017cliwiaj\u0105 szybk\u0105 transmisj\u0119 danych i wysok\u0105 przepustowo\u015b\u0107, co pozwala na p\u0142ynn\u0105 prac\u0119 i efektywn\u0105 wymian\u0119 informacji.<\/p>\n<\/li>\n<li>\n<p><strong>Skalowalno\u015b\u0107 i Elastyczno\u015b\u0107:<\/strong> Nasze rozwi\u0105zania s\u0105 \u0142atwo skalowalne i elastyczne, co oznacza, \u017ce mo\u017cemy dostosowa\u0107 sie\u0107 do zmieniaj\u0105cych si\u0119 potrzeb i wymaga\u0144 Twojej firmy w przysz\u0142o\u015bci.<\/p>\n<\/li>\n<li>\n<p><strong>Profesjonalna Instalacja i Konfiguracja:<\/strong> Nasz do\u015bwiadczony zesp\u00f3\u0142 in\u017cynier\u00f3w zapewni profesjonaln\u0105 instalacj\u0119 i konfiguracj\u0119 sieci LAN, zapewniaj\u0105c szybkie wdro\u017cenie i minimalne zak\u0142\u00f3cenia w pracy firmy.<\/p>\n<\/li>\n<\/ol>\n<p>Dzi\u0119ki naszym us\u0142ugom budowy sieci LAN, opartym na certyfikowanych rozwi\u0105zaniach , mo\u017cesz mie\u0107 pewno\u015b\u0107, \u017ce Twoja firma jest wyposa\u017cona w nowoczesn\u0105 i niezawodn\u0105 infrastruktur\u0119 komunikacyjn\u0105. Skontaktuj si\u0119 z nami, aby om\u00f3wi\u0107 swoje potrzeby i jak mo\u017cemy pom\u00f3c w zapewnieniu najlepszej sieci LAN dla Twojej firmy.<\/p>\t\t\t\t\t\t<\/div>\n\t\t\t\t<\/div>\n\t\t\t\t<\/div>\n\t\t<div class=\"elementor-element elementor-element-189032e e-con-full e-flex e-con e-child\" data-id=\"189032e\" data-element_type=\"container\">\n\t\t\t\t<div class=\"elementor-element elementor-element-719b9e3 elementor-widget elementor-widget-image\" data-id=\"719b9e3\" data-element_type=\"widget\" data-widget_type=\"image.default\">\n\t\t\t\t<div class=\"elementor-widget-container\">\n\t\t\t<style>\/*! elementor - v3.20.0 - 10-04-2024 *\/\n.elementor-widget-image{text-align:center}.elementor-widget-image a{display:inline-block}.elementor-widget-image a img[src$=\".svg\"]{width:48px}.elementor-widget-image img{vertical-align:middle;display:inline-block}<\/style>\t\t\t\t\t\t\t\t\t\t<img fetchpriority=\"high\" decoding=\"async\" width=\"203\" height=\"320\" src=\"https:\/\/pkict.pl\/wp-content\/uploads\/2024\/04\/bosch-centrala.jpg\" class=\"attachment-large size-large wp-image-1414\" alt=\"\" srcset=\"https:\/\/pkict.pl\/wp-content\/uploads\/2024\/04\/bosch-centrala.jpg 203w, https:\/\/pkict.pl\/wp-content\/uploads\/2024\/04\/bosch-centrala-190x300.jpg 190w\" sizes=\"(max-width: 203px) 100vw, 203px\" \/>\t\t\t\t\t\t\t\t\t\t\t\t\t<\/div>\n\t\t\t\t<\/div>\n\t\t\t\t<\/div>\n\t\t\t\t<div class=\"elementor-element elementor-element-3ffb1e1 elementor-widget elementor-widget-text-editor\" data-id=\"3ffb1e1\" data-element_type=\"widget\" data-widget_type=\"text-editor.default\">\n\t\t\t\t<div class=\"elementor-widget-container\">\n\t\t\t\t\t\t\t\t\t\t\t\t\t<\/div>\n\t\t\t\t<\/div>\n\t\t\t\t\t<\/div>\n\t\t\t\t<\/div>\n\t\t\t\t<\/div>\n\t\t","protected":false},"excerpt":{"rendered":"<p>SIECI LAN Budowa Sieci LAN: Bezpieczne i Wydajne Po\u0142\u0105czenia Certyfikowanymi Rozwi\u0105zaniami Miedzianymi i \u015awiat\u0142owodowymi Pkict oferuje kompleksowe us\u0142ugi budowy sieci<\/p>\n","protected":false},"author":1,"featured_media":0,"parent":0,"menu_order":0,"comment_status":"closed","ping_status":"closed","template":"elementor_header_footer","meta":{"footnotes":""},"class_list":["post-1573","page","type-page","status-publish","hentry"],"_links":{"self":[{"href":"https:\/\/pkict.pl\/index.php\/wp-json\/wp\/v2\/pages\/1573","targetHints":{"allow":["GET"]}}],"collection":[{"href":"https:\/\/pkict.pl\/index.php\/wp-json\/wp\/v2\/pages"}],"about":[{"href":"https:\/\/pkict.pl\/index.php\/wp-json\/wp\/v2\/types\/page"}],"author":[{"embeddable":true,"href":"https:\/\/pkict.pl\/index.php\/wp-json\/wp\/v2\/users\/1"}],"replies":[{"embeddable":true,"href":"https:\/\/pkict.pl\/index.php\/wp-json\/wp\/v2\/comments?post=1573"}],"version-history":[{"count":7,"href":"https:\/\/pkict.pl\/index.php\/wp-json\/wp\/v2\/pages\/1573\/revisions"}],"predecessor-version":[{"id":1621,"href":"https:\/\/pkict.pl\/index.php\/wp-json\/wp\/v2\/pages\/1573\/revisions\/1621"}],"wp:attachment":[{"href":"https:\/\/pkict.pl\/index.php\/wp-json\/wp\/v2\/media?parent=1573"}],"curies":[{"name":"wp","href":"https:\/\/api.w.org\/{rel}","templated":true}]}}