{"id":1575,"date":"2024-04-15T09:51:36","date_gmt":"2024-04-15T09:51:36","guid":{"rendered":"https:\/\/pkict.pl\/?page_id=1575"},"modified":"2024-04-15T10:35:55","modified_gmt":"2024-04-15T10:35:55","slug":"detekcja-gazow","status":"publish","type":"page","link":"https:\/\/pkict.pl\/index.php\/detekcja-gazow\/","title":{"rendered":"Detekcja Gaz\u00f3w"},"content":{"rendered":"\t\t<div data-elementor-type=\"wp-page\" data-elementor-id=\"1575\" class=\"elementor elementor-1575\">\n\t\t\t\t\t\t<section class=\"elementor-section elementor-top-section elementor-element elementor-element-2b2c8de elementor-section-full_width elementor-section-height-min-height elementor-section-height-default elementor-section-items-middle\" data-id=\"2b2c8de\" data-element_type=\"section\" data-settings=\"{&quot;background_background&quot;:&quot;classic&quot;}\" data-e-bg-lazyload=\"\">\n\t\t\t\t\t\t\t<div class=\"elementor-background-overlay\"><\/div>\n\t\t\t\t\t\t\t<div class=\"elementor-container elementor-column-gap-no\">\n\t\t\t\t\t<div class=\"elementor-column elementor-col-100 elementor-top-column elementor-element elementor-element-9a8c590\" data-id=\"9a8c590\" data-element_type=\"column\">\n\t\t\t<div class=\"elementor-widget-wrap elementor-element-populated\">\n\t\t\t\t\t\t<section class=\"elementor-section elementor-inner-section elementor-element elementor-element-ecc0e75 elementor-section-boxed elementor-section-height-default elementor-section-height-default\" data-id=\"ecc0e75\" data-element_type=\"section\">\n\t\t\t\t\t\t<div class=\"elementor-container elementor-column-gap-default\">\n\t\t\t\t\t<div class=\"elementor-column elementor-col-100 elementor-inner-column elementor-element elementor-element-165aba3\" data-id=\"165aba3\" data-element_type=\"column\">\n\t\t\t<div class=\"elementor-widget-wrap elementor-element-populated\">\n\t\t\t\t\t\t<div class=\"elementor-element elementor-element-01ca43c elementor-widget elementor-widget-heading\" data-id=\"01ca43c\" data-element_type=\"widget\" data-widget_type=\"heading.default\">\n\t\t\t\t<div class=\"elementor-widget-container\">\n\t\t\t<style>\/*! elementor - v3.20.0 - 10-04-2024 *\/\n.elementor-heading-title{padding:0;margin:0;line-height:1}.elementor-widget-heading .elementor-heading-title[class*=elementor-size-]>a{color:inherit;font-size:inherit;line-height:inherit}.elementor-widget-heading .elementor-heading-title.elementor-size-small{font-size:15px}.elementor-widget-heading .elementor-heading-title.elementor-size-medium{font-size:19px}.elementor-widget-heading .elementor-heading-title.elementor-size-large{font-size:29px}.elementor-widget-heading .elementor-heading-title.elementor-size-xl{font-size:39px}.elementor-widget-heading .elementor-heading-title.elementor-size-xxl{font-size:59px}<\/style><h2 class=\"elementor-heading-title elementor-size-default\">Detekcja gaz\u00f3w<\/h2>\t\t<\/div>\n\t\t\t\t<\/div>\n\t\t\t\t\t<\/div>\n\t\t<\/div>\n\t\t\t\t\t<\/div>\n\t\t<\/section>\n\t\t\t\t\t<\/div>\n\t\t<\/div>\n\t\t\t\t\t<\/div>\n\t\t<\/section>\n\t\t<div class=\"elementor-element elementor-element-72568dc e-flex e-con-boxed e-con e-parent\" data-id=\"72568dc\" data-element_type=\"container\" data-core-v316-plus=\"true\">\n\t\t\t\t\t<div class=\"e-con-inner\">\n\t\t\t\t<div class=\"elementor-element elementor-element-3f46513 elementor-widget elementor-widget-spacer\" data-id=\"3f46513\" data-element_type=\"widget\" data-widget_type=\"spacer.default\">\n\t\t\t\t<div class=\"elementor-widget-container\">\n\t\t\t<style>\/*! elementor - v3.20.0 - 10-04-2024 *\/\n.elementor-column .elementor-spacer-inner{height:var(--spacer-size)}.e-con{--container-widget-width:100%}.e-con-inner>.elementor-widget-spacer,.e-con>.elementor-widget-spacer{width:var(--container-widget-width,var(--spacer-size));--align-self:var(--container-widget-align-self,initial);--flex-shrink:0}.e-con-inner>.elementor-widget-spacer>.elementor-widget-container,.e-con>.elementor-widget-spacer>.elementor-widget-container{height:100%;width:100%}.e-con-inner>.elementor-widget-spacer>.elementor-widget-container>.elementor-spacer,.e-con>.elementor-widget-spacer>.elementor-widget-container>.elementor-spacer{height:100%}.e-con-inner>.elementor-widget-spacer>.elementor-widget-container>.elementor-spacer>.elementor-spacer-inner,.e-con>.elementor-widget-spacer>.elementor-widget-container>.elementor-spacer>.elementor-spacer-inner{height:var(--container-widget-height,var(--spacer-size))}.e-con-inner>.elementor-widget-spacer.elementor-widget-empty,.e-con>.elementor-widget-spacer.elementor-widget-empty{position:relative;min-height:22px;min-width:22px}.e-con-inner>.elementor-widget-spacer.elementor-widget-empty .elementor-widget-empty-icon,.e-con>.elementor-widget-spacer.elementor-widget-empty .elementor-widget-empty-icon{position:absolute;top:0;bottom:0;left:0;right:0;margin:auto;padding:0;width:22px;height:22px}<\/style>\t\t<div class=\"elementor-spacer\">\n\t\t\t<div class=\"elementor-spacer-inner\"><\/div>\n\t\t<\/div>\n\t\t\t\t<\/div>\n\t\t\t\t<\/div>\n\t\t\t\t\t<\/div>\n\t\t\t\t<\/div>\n\t\t<div class=\"elementor-element elementor-element-db5c56b e-flex e-con-boxed e-con e-parent\" data-id=\"db5c56b\" data-element_type=\"container\" data-core-v316-plus=\"true\">\n\t\t\t\t\t<div class=\"e-con-inner\">\n\t\t\t\t<div class=\"elementor-element elementor-element-5b0b5b6 elementor-widget elementor-widget-heading\" data-id=\"5b0b5b6\" data-element_type=\"widget\" data-widget_type=\"heading.default\">\n\t\t\t\t<div class=\"elementor-widget-container\">\n\t\t\t<h2 class=\"elementor-heading-title elementor-size-default\">G\u0142\u00f3wne Korzy\u015bci Korzystania z Naszych System\u00f3w Detekcji Gaz\u00f3w<\/h2>\t\t<\/div>\n\t\t\t\t<\/div>\n\t\t<div class=\"elementor-element elementor-element-b257d9d e-con-full e-flex e-con e-child\" data-id=\"b257d9d\" data-element_type=\"container\">\n\t\t\t\t<div class=\"elementor-element elementor-element-bc8fa6b elementor-widget elementor-widget-text-editor\" data-id=\"bc8fa6b\" data-element_type=\"widget\" data-widget_type=\"text-editor.default\">\n\t\t\t\t<div class=\"elementor-widget-container\">\n\t\t\t<style>\/*! elementor - v3.20.0 - 10-04-2024 *\/\n.elementor-widget-text-editor.elementor-drop-cap-view-stacked .elementor-drop-cap{background-color:#69727d;color:#fff}.elementor-widget-text-editor.elementor-drop-cap-view-framed .elementor-drop-cap{color:#69727d;border:3px solid;background-color:transparent}.elementor-widget-text-editor:not(.elementor-drop-cap-view-default) .elementor-drop-cap{margin-top:8px}.elementor-widget-text-editor:not(.elementor-drop-cap-view-default) .elementor-drop-cap-letter{width:1em;height:1em}.elementor-widget-text-editor .elementor-drop-cap{float:left;text-align:center;line-height:1;font-size:50px}.elementor-widget-text-editor .elementor-drop-cap-letter{display:inline-block}<\/style>\t\t\t\t<ol><li><p><strong>Niezawodno\u015b\u0107 i Skuteczno\u015b\u0107:<\/strong> Rozwi\u0105zania firmy Gazex s\u0105 znane z niezawodno\u015bci i skuteczno\u015bci w wykrywaniu r\u00f3\u017cnych rodzaj\u00f3w niebezpiecznych gaz\u00f3w, zapewniaj\u0105c pe\u0142ne bezpiecze\u0144stwo w miejscu pracy.<\/p><\/li><li><p><strong>Szeroki Wyb\u00f3r Detektor\u00f3w:<\/strong> Oferujemy szeroki wyb\u00f3r detektor\u00f3w gaz\u00f3w, w tym detektory toksycznych gaz\u00f3w, detektory wybuchu oraz detektory tlenu, kt\u00f3re mo\u017cna dostosowa\u0107 do konkretnych potrzeb i warunk\u00f3w pracy.<\/p><\/li><li><p><strong>Inteligentne Systemy Alarmowe:<\/strong> Nasze systemy detekcji gaz\u00f3w s\u0105 wyposa\u017cone w inteligentne systemy alarmowe, kt\u00f3re reaguj\u0105 natychmiastowo na wykryte zagro\u017cenie, informuj\u0105c personel o konieczno\u015bci podj\u0119cia odpowiednich dzia\u0142a\u0144.<\/p><\/li><li><p><strong>\u0141atwa Instalacja i Konserwacja:<\/strong> Rozwi\u0105zania Gazex s\u0105 \u0142atwe w instalacji i konserwacji, co pozwala szybko wprowadzi\u0107 je do u\u017cytku i utrzyma\u0107 w doskona\u0142ej kondycji przez d\u0142ugie lata.<\/p><\/li><\/ol><p>Dzi\u0119ki naszym systemom detekcji niebezpiecznych gaz\u00f3w opartym na rozwi\u0105zaniach firmy Gazex, mo\u017cesz mie\u0107 pewno\u015b\u0107, \u017ce Twoja firma jest skutecznie chroniona przed zagro\u017ceniami gazowymi. Skontaktuj si\u0119 z nami, aby dowiedzie\u0107 si\u0119 wi\u0119cej o naszych us\u0142ugach detekcji gaz\u00f3w i jak mo\u017cemy pom\u00f3c w zapewnieniu bezpiecze\u0144stwa w Twoim miejscu pracy.<\/p>\t\t\t\t\t\t<\/div>\n\t\t\t\t<\/div>\n\t\t\t\t<\/div>\n\t\t<div class=\"elementor-element elementor-element-189032e e-con-full e-flex e-con e-child\" data-id=\"189032e\" data-element_type=\"container\">\n\t\t\t\t<div class=\"elementor-element elementor-element-9e6b382 elementor-widget elementor-widget-image\" data-id=\"9e6b382\" data-element_type=\"widget\" data-widget_type=\"image.default\">\n\t\t\t\t<div class=\"elementor-widget-container\">\n\t\t\t<style>\/*! elementor - v3.20.0 - 10-04-2024 *\/\n.elementor-widget-image{text-align:center}.elementor-widget-image a{display:inline-block}.elementor-widget-image a img[src$=\".svg\"]{width:48px}.elementor-widget-image img{vertical-align:middle;display:inline-block}<\/style>\t\t\t\t\t\t\t\t\t\t<img fetchpriority=\"high\" decoding=\"async\" width=\"1024\" height=\"678\" src=\"https:\/\/pkict.pl\/wp-content\/uploads\/2024\/04\/valve-4835969_1280-1024x678.jpg\" class=\"attachment-large size-large wp-image-1603\" alt=\"\" srcset=\"https:\/\/pkict.pl\/wp-content\/uploads\/2024\/04\/valve-4835969_1280-1024x678.jpg 1024w, https:\/\/pkict.pl\/wp-content\/uploads\/2024\/04\/valve-4835969_1280-300x199.jpg 300w, https:\/\/pkict.pl\/wp-content\/uploads\/2024\/04\/valve-4835969_1280-768x509.jpg 768w, https:\/\/pkict.pl\/wp-content\/uploads\/2024\/04\/valve-4835969_1280.jpg 1280w\" sizes=\"(max-width: 1024px) 100vw, 1024px\" \/>\t\t\t\t\t\t\t\t\t\t\t\t\t<\/div>\n\t\t\t\t<\/div>\n\t\t\t\t<\/div>\n\t\t\t\t<div class=\"elementor-element elementor-element-3ffb1e1 elementor-widget elementor-widget-text-editor\" data-id=\"3ffb1e1\" data-element_type=\"widget\" data-widget_type=\"text-editor.default\">\n\t\t\t\t<div class=\"elementor-widget-container\">\n\t\t\t\t\t\t\t\t\t\t\t\t\t<\/div>\n\t\t\t\t<\/div>\n\t\t\t\t\t<\/div>\n\t\t\t\t<\/div>\n\t\t<div class=\"elementor-element elementor-element-0e2c61b e-flex e-con-boxed e-con e-parent\" data-id=\"0e2c61b\" data-element_type=\"container\" data-core-v316-plus=\"true\">\n\t\t\t\t\t<div class=\"e-con-inner\">\n\t\t\t\t\t<\/div>\n\t\t\t\t<\/div>\n\t\t\t\t<\/div>\n\t\t","protected":false},"excerpt":{"rendered":"<p>Detekcja gaz\u00f3w G\u0142\u00f3wne Korzy\u015bci Korzystania z Naszych System\u00f3w Detekcji Gaz\u00f3w Niezawodno\u015b\u0107 i Skuteczno\u015b\u0107: Rozwi\u0105zania firmy Gazex s\u0105 znane z niezawodno\u015bci<\/p>\n","protected":false},"author":1,"featured_media":0,"parent":0,"menu_order":0,"comment_status":"closed","ping_status":"closed","template":"elementor_header_footer","meta":{"footnotes":""},"class_list":["post-1575","page","type-page","status-publish","hentry"],"_links":{"self":[{"href":"https:\/\/pkict.pl\/index.php\/wp-json\/wp\/v2\/pages\/1575","targetHints":{"allow":["GET"]}}],"collection":[{"href":"https:\/\/pkict.pl\/index.php\/wp-json\/wp\/v2\/pages"}],"about":[{"href":"https:\/\/pkict.pl\/index.php\/wp-json\/wp\/v2\/types\/page"}],"author":[{"embeddable":true,"href":"https:\/\/pkict.pl\/index.php\/wp-json\/wp\/v2\/users\/1"}],"replies":[{"embeddable":true,"href":"https:\/\/pkict.pl\/index.php\/wp-json\/wp\/v2\/comments?post=1575"}],"version-history":[{"count":10,"href":"https:\/\/pkict.pl\/index.php\/wp-json\/wp\/v2\/pages\/1575\/revisions"}],"predecessor-version":[{"id":1615,"href":"https:\/\/pkict.pl\/index.php\/wp-json\/wp\/v2\/pages\/1575\/revisions\/1615"}],"wp:attachment":[{"href":"https:\/\/pkict.pl\/index.php\/wp-json\/wp\/v2\/media?parent=1575"}],"curies":[{"name":"wp","href":"https:\/\/api.w.org\/{rel}","templated":true}]}}