{"id":1757,"date":"2024-04-18T08:54:56","date_gmt":"2024-04-18T08:54:56","guid":{"rendered":"https:\/\/pkict.pl\/?page_id=1757"},"modified":"2024-04-18T09:07:43","modified_gmt":"2024-04-18T09:07:43","slug":"naglosnienia","status":"publish","type":"page","link":"https:\/\/pkict.pl\/index.php\/naglosnienia\/","title":{"rendered":"Nag\u0142o\u015bnienia"},"content":{"rendered":"\t\t<div data-elementor-type=\"wp-page\" data-elementor-id=\"1757\" class=\"elementor elementor-1757\">\n\t\t\t\t\t\t<section class=\"elementor-section elementor-top-section elementor-element elementor-element-2b2c8de elementor-section-full_width elementor-section-height-min-height elementor-section-height-default elementor-section-items-middle\" data-id=\"2b2c8de\" data-element_type=\"section\" data-settings=\"{&quot;background_background&quot;:&quot;classic&quot;}\" data-e-bg-lazyload=\"\">\n\t\t\t\t\t\t\t<div class=\"elementor-background-overlay\"><\/div>\n\t\t\t\t\t\t\t<div class=\"elementor-container elementor-column-gap-no\">\n\t\t\t\t\t<div class=\"elementor-column elementor-col-100 elementor-top-column elementor-element elementor-element-9a8c590\" data-id=\"9a8c590\" data-element_type=\"column\">\n\t\t\t<div class=\"elementor-widget-wrap elementor-element-populated\">\n\t\t\t\t\t\t<section class=\"elementor-section elementor-inner-section elementor-element elementor-element-ecc0e75 elementor-section-boxed elementor-section-height-default elementor-section-height-default\" data-id=\"ecc0e75\" data-element_type=\"section\">\n\t\t\t\t\t\t<div class=\"elementor-container elementor-column-gap-default\">\n\t\t\t\t\t<div class=\"elementor-column elementor-col-100 elementor-inner-column elementor-element elementor-element-165aba3\" data-id=\"165aba3\" data-element_type=\"column\">\n\t\t\t<div class=\"elementor-widget-wrap elementor-element-populated\">\n\t\t\t\t\t\t<div class=\"elementor-element elementor-element-01ca43c elementor-widget elementor-widget-heading\" data-id=\"01ca43c\" data-element_type=\"widget\" data-widget_type=\"heading.default\">\n\t\t\t\t<div class=\"elementor-widget-container\">\n\t\t\t<style>\/*! elementor - v3.20.0 - 10-04-2024 *\/\n.elementor-heading-title{padding:0;margin:0;line-height:1}.elementor-widget-heading .elementor-heading-title[class*=elementor-size-]>a{color:inherit;font-size:inherit;line-height:inherit}.elementor-widget-heading .elementor-heading-title.elementor-size-small{font-size:15px}.elementor-widget-heading .elementor-heading-title.elementor-size-medium{font-size:19px}.elementor-widget-heading .elementor-heading-title.elementor-size-large{font-size:29px}.elementor-widget-heading .elementor-heading-title.elementor-size-xl{font-size:39px}.elementor-widget-heading .elementor-heading-title.elementor-size-xxl{font-size:59px}<\/style><h2 class=\"elementor-heading-title elementor-size-default\">SYSTEMY NAG\u0141O\u015aNIENIA <\/h2>\t\t<\/div>\n\t\t\t\t<\/div>\n\t\t\t\t\t<\/div>\n\t\t<\/div>\n\t\t\t\t\t<\/div>\n\t\t<\/section>\n\t\t\t\t\t<\/div>\n\t\t<\/div>\n\t\t\t\t\t<\/div>\n\t\t<\/section>\n\t\t<div class=\"elementor-element elementor-element-72568dc e-flex e-con-boxed e-con e-parent\" data-id=\"72568dc\" data-element_type=\"container\" data-core-v316-plus=\"true\">\n\t\t\t\t\t<div class=\"e-con-inner\">\n\t\t\t\t<div class=\"elementor-element elementor-element-3f46513 elementor-widget elementor-widget-spacer\" data-id=\"3f46513\" data-element_type=\"widget\" data-widget_type=\"spacer.default\">\n\t\t\t\t<div class=\"elementor-widget-container\">\n\t\t\t<style>\/*! elementor - v3.20.0 - 10-04-2024 *\/\n.elementor-column .elementor-spacer-inner{height:var(--spacer-size)}.e-con{--container-widget-width:100%}.e-con-inner>.elementor-widget-spacer,.e-con>.elementor-widget-spacer{width:var(--container-widget-width,var(--spacer-size));--align-self:var(--container-widget-align-self,initial);--flex-shrink:0}.e-con-inner>.elementor-widget-spacer>.elementor-widget-container,.e-con>.elementor-widget-spacer>.elementor-widget-container{height:100%;width:100%}.e-con-inner>.elementor-widget-spacer>.elementor-widget-container>.elementor-spacer,.e-con>.elementor-widget-spacer>.elementor-widget-container>.elementor-spacer{height:100%}.e-con-inner>.elementor-widget-spacer>.elementor-widget-container>.elementor-spacer>.elementor-spacer-inner,.e-con>.elementor-widget-spacer>.elementor-widget-container>.elementor-spacer>.elementor-spacer-inner{height:var(--container-widget-height,var(--spacer-size))}.e-con-inner>.elementor-widget-spacer.elementor-widget-empty,.e-con>.elementor-widget-spacer.elementor-widget-empty{position:relative;min-height:22px;min-width:22px}.e-con-inner>.elementor-widget-spacer.elementor-widget-empty .elementor-widget-empty-icon,.e-con>.elementor-widget-spacer.elementor-widget-empty .elementor-widget-empty-icon{position:absolute;top:0;bottom:0;left:0;right:0;margin:auto;padding:0;width:22px;height:22px}<\/style>\t\t<div class=\"elementor-spacer\">\n\t\t\t<div class=\"elementor-spacer-inner\"><\/div>\n\t\t<\/div>\n\t\t\t\t<\/div>\n\t\t\t\t<\/div>\n\t\t\t\t\t<\/div>\n\t\t\t\t<\/div>\n\t\t<div class=\"elementor-element elementor-element-f174711 e-flex e-con-boxed e-con e-parent\" data-id=\"f174711\" data-element_type=\"container\" data-core-v316-plus=\"true\">\n\t\t\t\t\t<div class=\"e-con-inner\">\n\t\t\t\t<div class=\"elementor-element elementor-element-5b0b5b6 elementor-widget elementor-widget-heading\" data-id=\"5b0b5b6\" data-element_type=\"widget\" data-widget_type=\"heading.default\">\n\t\t\t\t<div class=\"elementor-widget-container\">\n\t\t\t<h2 class=\"elementor-heading-title elementor-size-default\">Nag\u0142o\u015bnienie Budynk\u00f3w i Hal Produkcyjnych: Doskona\u0142a Akustyka i Bezpiecze\u0144stwo Komunikacji<\/h2>\t\t<\/div>\n\t\t\t\t<\/div>\n\t\t\t\t\t<\/div>\n\t\t\t\t<\/div>\n\t\t<div class=\"elementor-element elementor-element-db5c56b e-flex e-con-boxed e-con e-parent\" data-id=\"db5c56b\" data-element_type=\"container\" data-core-v316-plus=\"true\">\n\t\t\t\t\t<div class=\"e-con-inner\">\n\t\t<div class=\"elementor-element elementor-element-b257d9d e-con-full e-flex e-con e-child\" data-id=\"b257d9d\" data-element_type=\"container\">\n\t\t\t\t<div class=\"elementor-element elementor-element-bc8fa6b elementor-widget elementor-widget-text-editor\" data-id=\"bc8fa6b\" data-element_type=\"widget\" data-widget_type=\"text-editor.default\">\n\t\t\t\t<div class=\"elementor-widget-container\">\n\t\t\t<style>\/*! elementor - v3.20.0 - 10-04-2024 *\/\n.elementor-widget-text-editor.elementor-drop-cap-view-stacked .elementor-drop-cap{background-color:#69727d;color:#fff}.elementor-widget-text-editor.elementor-drop-cap-view-framed .elementor-drop-cap{color:#69727d;border:3px solid;background-color:transparent}.elementor-widget-text-editor:not(.elementor-drop-cap-view-default) .elementor-drop-cap{margin-top:8px}.elementor-widget-text-editor:not(.elementor-drop-cap-view-default) .elementor-drop-cap-letter{width:1em;height:1em}.elementor-widget-text-editor .elementor-drop-cap{float:left;text-align:center;line-height:1;font-size:50px}.elementor-widget-text-editor .elementor-drop-cap-letter{display:inline-block}<\/style>\t\t\t\t<p>PKICT oferuje kompleksowe rozwi\u0105zania nag\u0142o\u015bnienia dla budynk\u00f3w u\u017cyteczno\u015bci publicznej, hal produkcyjnych, parking\u00f3w i innych przestrzeni, zapewniaj\u0105c doskona\u0142\u0105 jako\u015b\u0107 d\u017awi\u0119ku oraz bezpiecze\u0144stwo komunikacji. Nasze systemy nag\u0142o\u015bnienia s\u0105 projektowane indywidualnie, aby spe\u0142nia\u0142y potrzeby klient\u00f3w i zapewnia\u0142y optymaln\u0105 akustyk\u0119 oraz skuteczn\u0105 komunikacj\u0119.<\/p><p><strong>G\u0142\u00f3wne Korzy\u015bci Korzystania z Naszych Us\u0142ug Nag\u0142o\u015bnienia:<\/strong><\/p><ol><li><p><strong>Doskona\u0142a Jako\u015b\u0107 D\u017awi\u0119ku:<\/strong> Nasze systemy nag\u0142o\u015bnienia zapewniaj\u0105 doskona\u0142\u0105 jako\u015b\u0107 d\u017awi\u0119ku w ca\u0142ym budynku lub hali produkcyjnej, co umo\u017cliwia klarown\u0105 i zrozumia\u0142\u0105 komunikacj\u0119 nawet w g\u0142o\u015bnych \u015brodowiskach.<\/p><\/li><li><p><strong>Elastyczno\u015b\u0107 i Skalowalno\u015b\u0107:<\/strong> Nasze rozwi\u0105zania s\u0105 elastyczne i skalowalne, co oznacza, \u017ce mog\u0105 by\u0107 dostosowane do r\u00f3\u017cnych rozmiar\u00f3w i typ\u00f3w obiekt\u00f3w, a tak\u017ce rozbudowane w przysz\u0142o\u015bci w razie potrzeby.<\/p><\/li><li><p><strong>Integracja Z Innymi Systemami:<\/strong> Nasze systemy nag\u0142o\u015bnienia mog\u0105 by\u0107 \u0142atwo zintegrowane z innymi systemami bezpiecze\u0144stwa, takimi jak systemy alarmowe, monitoring wideo czy kontrole dost\u0119pu, co umo\u017cliwia kompleksowe zarz\u0105dzanie bezpiecze\u0144stwem w firmie.<\/p><\/li><li><p><strong>Bezpiecze\u0144stwo i Awaryjne Powiadamianie:<\/strong> Nasze rozwi\u0105zania umo\u017cliwiaj\u0105 awaryjne powiadamianie oraz ewakuacj\u0119 w przypadku zagro\u017cenia, dzi\u0119ki czemu zapewniamy bezpiecze\u0144stwo i ochron\u0119 dla pracownik\u00f3w oraz klient\u00f3w.<\/p><\/li><\/ol><p>Dzi\u0119ki naszym us\u0142ugom nag\u0142o\u015bnienia, mo\u017cesz mie\u0107 pewno\u015b\u0107, \u017ce Twoja firma jest wyposa\u017cona w nowoczesne i niezawodne systemy, kt\u00f3re zapewniaj\u0105 doskona\u0142\u0105 jako\u015b\u0107 d\u017awi\u0119ku oraz bezpiecze\u0144stwo komunikacji. Skontaktuj si\u0119 z nami, aby om\u00f3wi\u0107 swoje potrzeby i jak mo\u017cemy pom\u00f3c w zapewnieniu najlepszych rozwi\u0105za\u0144 nag\u0142o\u015bnienia dla Twojej firmy.<\/p>\t\t\t\t\t\t<\/div>\n\t\t\t\t<\/div>\n\t\t\t\t<\/div>\n\t\t<div class=\"elementor-element elementor-element-189032e e-con-full e-flex e-con e-child\" data-id=\"189032e\" data-element_type=\"container\">\n\t\t\t\t<div class=\"elementor-element elementor-element-719b9e3 elementor-widget elementor-widget-image\" data-id=\"719b9e3\" data-element_type=\"widget\" data-widget_type=\"image.default\">\n\t\t\t\t<div class=\"elementor-widget-container\">\n\t\t\t<style>\/*! elementor - v3.20.0 - 10-04-2024 *\/\n.elementor-widget-image{text-align:center}.elementor-widget-image a{display:inline-block}.elementor-widget-image a img[src$=\".svg\"]{width:48px}.elementor-widget-image img{vertical-align:middle;display:inline-block}<\/style>\t\t\t\t\t\t\t\t\t\t<img fetchpriority=\"high\" decoding=\"async\" width=\"400\" height=\"293\" src=\"https:\/\/pkict.pl\/wp-content\/uploads\/2024\/04\/HORN.png\" class=\"attachment-large size-large wp-image-1766\" alt=\"\" srcset=\"https:\/\/pkict.pl\/wp-content\/uploads\/2024\/04\/HORN.png 400w, https:\/\/pkict.pl\/wp-content\/uploads\/2024\/04\/HORN-300x220.png 300w\" sizes=\"(max-width: 400px) 100vw, 400px\" \/>\t\t\t\t\t\t\t\t\t\t\t\t\t<\/div>\n\t\t\t\t<\/div>\n\t\t\t\t<\/div>\n\t\t\t\t<div class=\"elementor-element elementor-element-3ffb1e1 elementor-widget elementor-widget-text-editor\" data-id=\"3ffb1e1\" data-element_type=\"widget\" data-widget_type=\"text-editor.default\">\n\t\t\t\t<div class=\"elementor-widget-container\">\n\t\t\t\t\t\t\t\t\t\t\t\t\t<\/div>\n\t\t\t\t<\/div>\n\t\t\t\t\t<\/div>\n\t\t\t\t<\/div>\n\t\t\t\t<\/div>\n\t\t","protected":false},"excerpt":{"rendered":"<p>SYSTEMY NAG\u0141O\u015aNIENIA Nag\u0142o\u015bnienie Budynk\u00f3w i Hal Produkcyjnych: Doskona\u0142a Akustyka i Bezpiecze\u0144stwo Komunikacji PKICT oferuje kompleksowe rozwi\u0105zania nag\u0142o\u015bnienia dla budynk\u00f3w u\u017cyteczno\u015bci<\/p>\n","protected":false},"author":2,"featured_media":0,"parent":0,"menu_order":0,"comment_status":"closed","ping_status":"closed","template":"elementor_header_footer","meta":{"footnotes":""},"class_list":["post-1757","page","type-page","status-publish","hentry"],"_links":{"self":[{"href":"https:\/\/pkict.pl\/index.php\/wp-json\/wp\/v2\/pages\/1757","targetHints":{"allow":["GET"]}}],"collection":[{"href":"https:\/\/pkict.pl\/index.php\/wp-json\/wp\/v2\/pages"}],"about":[{"href":"https:\/\/pkict.pl\/index.php\/wp-json\/wp\/v2\/types\/page"}],"author":[{"embeddable":true,"href":"https:\/\/pkict.pl\/index.php\/wp-json\/wp\/v2\/users\/2"}],"replies":[{"embeddable":true,"href":"https:\/\/pkict.pl\/index.php\/wp-json\/wp\/v2\/comments?post=1757"}],"version-history":[{"count":5,"href":"https:\/\/pkict.pl\/index.php\/wp-json\/wp\/v2\/pages\/1757\/revisions"}],"predecessor-version":[{"id":1770,"href":"https:\/\/pkict.pl\/index.php\/wp-json\/wp\/v2\/pages\/1757\/revisions\/1770"}],"wp:attachment":[{"href":"https:\/\/pkict.pl\/index.php\/wp-json\/wp\/v2\/media?parent=1757"}],"curies":[{"name":"wp","href":"https:\/\/api.w.org\/{rel}","templated":true}]}}